{"id":1668,"date":"2024-03-26T13:05:57","date_gmt":"2024-03-26T12:05:57","guid":{"rendered":"https:\/\/topaws.es\/?page_id=1668"},"modified":"2024-03-26T18:29:13","modified_gmt":"2024-03-26T17:29:13","slug":"aviso-legal","status":"publish","type":"page","link":"https:\/\/topaws.es\/index.php\/aviso-legal\/","title":{"rendered":"T\u00e9rminos y condiciones"},"content":{"rendered":"\t\t<div data-elementor-type=\"wp-page\" data-elementor-id=\"1668\" class=\"elementor elementor-1668\" data-elementor-post-type=\"page\">\n\t\t\t\t<div class=\"elementor-element elementor-element-5da2669 e-flex e-con-boxed e-con e-parent\" data-id=\"5da2669\" data-element_type=\"container\" data-e-type=\"container\">\n\t\t\t\t\t<div class=\"e-con-inner\">\n\t\t\t\t<div class=\"elementor-element elementor-element-b177ce4 elementor-widget elementor-widget-heading\" data-id=\"b177ce4\" data-element_type=\"widget\" data-e-type=\"widget\" data-widget_type=\"heading.default\">\n\t\t\t\t<div class=\"elementor-widget-container\">\n\t\t\t\t\t<h2 class=\"elementor-heading-title elementor-size-default\">T\u00e9rminos y condiciones<\/h2>\t\t\t\t<\/div>\n\t\t\t\t<\/div>\n\t\t\t\t<div class=\"elementor-element elementor-element-405f44b elementor-widget elementor-widget-text-editor\" data-id=\"405f44b\" data-element_type=\"widget\" data-e-type=\"widget\" data-widget_type=\"text-editor.default\">\n\t\t\t\t<div class=\"elementor-widget-container\">\n\t\t\t\t\t\t\t\t\t<p>Los siguientes t\u00e9rminos y condiciones regulan el uso del sitio web Topaws.es. Al acceder y utilizar este sitio web, usted acepta estar sujeto a estos t\u00e9rminos y condiciones. Si no est\u00e1 de acuerdo con estos t\u00e9rminos, le recomendamos que no utilice nuestro sitio web.<\/p><ol><li><p><strong>Uso del Sitio Web:<\/strong> Usted acepta utilizar este sitio web \u00fanicamente para fines legales y de acuerdo con estos t\u00e9rminos y condiciones. Se proh\u00edbe cualquier uso no autorizado o ilegal del sitio web, incluido, entre otros, el acceso no autorizado a sistemas o redes inform\u00e1ticas, la interferencia con el funcionamiento del sitio web, y la violaci\u00f3n de la seguridad del sitio web.<\/p><\/li><li><p><strong>Contenido del Sitio:<\/strong> Web Todo el contenido del sitio web, incluidos textos, gr\u00e1ficos, logotipos, im\u00e1genes, videos y software, es propiedad de Topaws.es o de terceros que han autorizado su uso. Est\u00e1 prohibida la reproducci\u00f3n, distribuci\u00f3n, modificaci\u00f3n o cualquier otro uso no autorizado del contenido de este sitio web sin el consentimiento previo por escrito de los propietarios.<\/p><\/li><li><p><strong>Registro y Cuentas:<\/strong> Para acceder a ciertas \u00e1reas o funciones del sitio web, puede ser necesario registrarse y crear una cuenta de usuario. Usted es responsable de mantener la confidencialidad de su informaci\u00f3n de inicio de sesi\u00f3n y de todas las actividades que ocurran bajo su cuenta.<\/p><\/li><li><p><strong>Limitaci\u00f3n de Responsabilidad: <\/strong>Topaws.es no ser\u00e1 responsable de los da\u00f1os directos, indirectos, incidentales, especiales o consecuentes que puedan surgir del uso o la imposibilidad de uso de este sitio web. Adem\u00e1s, no garantizamos la exactitud, integridad o actualidad de la informaci\u00f3n proporcionada en este sitio web.<\/p><\/li><li><p><strong>Modificaciones:<\/strong> Nos reservamos el derecho de modificar, actualizar o eliminar cualquier parte de estos t\u00e9rminos y condiciones en cualquier momento y sin previo aviso. Las modificaciones entrar\u00e1n en vigor inmediatamente despu\u00e9s de su publicaci\u00f3n en este sitio web.<\/p><\/li><\/ol><p>Al utilizar nuestro sitio web, usted acepta los t\u00e9rminos y condiciones establecidos en este documento. Si tiene alguna pregunta sobre estos t\u00e9rminos y condiciones, no dude en ponerse en contacto con nosotros.<\/p>\t\t\t\t\t\t\t\t<\/div>\n\t\t\t\t<\/div>\n\t\t\t\t\t<\/div>\n\t\t\t\t<\/div>\n\t\t\t\t<\/div>\n\t\t","protected":false},"excerpt":{"rendered":"<p>T\u00e9rminos y condiciones Los siguientes t\u00e9rminos y condiciones regulan el uso del sitio web Topaws.es. Al acceder y utilizar este sitio web, usted acepta estar sujeto a estos t\u00e9rminos y condiciones. Si no est\u00e1 de acuerdo con estos t\u00e9rminos, le recomendamos que no utilice nuestro sitio web. Uso del Sitio Web: Usted acepta utilizar este [&hellip;]<\/p>\n","protected":false},"author":2,"featured_media":0,"parent":0,"menu_order":0,"comment_status":"closed","ping_status":"closed","template":"","meta":{"footnotes":""},"class_list":["post-1668","page","type-page","status-publish","hentry"],"_links":{"self":[{"href":"https:\/\/topaws.es\/index.php\/wp-json\/wp\/v2\/pages\/1668","targetHints":{"allow":["GET"]}}],"collection":[{"href":"https:\/\/topaws.es\/index.php\/wp-json\/wp\/v2\/pages"}],"about":[{"href":"https:\/\/topaws.es\/index.php\/wp-json\/wp\/v2\/types\/page"}],"author":[{"embeddable":true,"href":"https:\/\/topaws.es\/index.php\/wp-json\/wp\/v2\/users\/2"}],"replies":[{"embeddable":true,"href":"https:\/\/topaws.es\/index.php\/wp-json\/wp\/v2\/comments?post=1668"}],"version-history":[{"count":11,"href":"https:\/\/topaws.es\/index.php\/wp-json\/wp\/v2\/pages\/1668\/revisions"}],"predecessor-version":[{"id":1685,"href":"https:\/\/topaws.es\/index.php\/wp-json\/wp\/v2\/pages\/1668\/revisions\/1685"}],"wp:attachment":[{"href":"https:\/\/topaws.es\/index.php\/wp-json\/wp\/v2\/media?parent=1668"}],"curies":[{"name":"wp","href":"https:\/\/api.w.org\/{rel}","templated":true}]}}