{"id":1663,"date":"2024-03-26T13:04:22","date_gmt":"2024-03-26T12:04:22","guid":{"rendered":"https:\/\/topaws.es\/?page_id=1663"},"modified":"2024-03-26T13:05:14","modified_gmt":"2024-03-26T12:05:14","slug":"politica-de-cookies","status":"publish","type":"page","link":"https:\/\/topaws.es\/index.php\/politica-de-cookies\/","title":{"rendered":"Pol\u00edtica de cookies"},"content":{"rendered":"\t\t<div data-elementor-type=\"wp-page\" data-elementor-id=\"1663\" class=\"elementor elementor-1663\" data-elementor-post-type=\"page\">\n\t\t\t\t<div class=\"elementor-element elementor-element-bc439ea e-flex e-con-boxed e-con e-parent\" data-id=\"bc439ea\" data-element_type=\"container\" data-e-type=\"container\">\n\t\t\t\t\t<div class=\"e-con-inner\">\n\t\t\t\t<div class=\"elementor-element elementor-element-d1581c3 elementor-widget elementor-widget-heading\" data-id=\"d1581c3\" data-element_type=\"widget\" data-e-type=\"widget\" data-widget_type=\"heading.default\">\n\t\t\t\t<div class=\"elementor-widget-container\">\n\t\t\t\t\t<h2 class=\"elementor-heading-title elementor-size-default\">Pol\u00edtica de privacidad<\/h2>\t\t\t\t<\/div>\n\t\t\t\t<\/div>\n\t\t\t\t<div class=\"elementor-element elementor-element-cb9fb78 elementor-widget elementor-widget-text-editor\" data-id=\"cb9fb78\" data-element_type=\"widget\" data-e-type=\"widget\" data-widget_type=\"text-editor.default\">\n\t\t\t\t<div class=\"elementor-widget-container\">\n\t\t\t\t\t\t\t\t\t<p>En Topaws.es, utilizamos cookies para mejorar la experiencia de navegaci\u00f3n de nuestros usuarios y proporcionar un sitio web m\u00e1s eficiente y personalizado. Esta Pol\u00edtica de Cookies describe c\u00f3mo utilizamos las cookies y c\u00f3mo puede controlarlas.<\/p><p><strong>\u00bfQu\u00e9 son las cookies?<\/strong> Las cookies son peque\u00f1os archivos de texto que se almacenan en su dispositivo cuando visita un sitio web. Estas cookies contienen informaci\u00f3n sobre sus preferencias y actividades en l\u00ednea y se utilizan para mejorar la funcionalidad y el rendimiento del sitio web.<\/p><p>\u00bfC\u00f3mo utilizamos las cookies? Utilizamos cookies para diversos fines, incluyendo:<\/p><ol><li><p><strong>Anal\u00edtica<\/strong>: Utilizamos cookies de an\u00e1lisis para recopilar informaci\u00f3n sobre c\u00f3mo los usuarios interact\u00faan con nuestro sitio web. Esta informaci\u00f3n nos ayuda a comprender mejor c\u00f3mo se utiliza el sitio y nos permite realizar mejoras para optimizar la experiencia del usuario.<\/p><\/li><li><p><strong>Personalizaci\u00f3n<\/strong>: Utilizamos cookies de personalizaci\u00f3n para recordar sus preferencias y proporcionarle contenido y anuncios personalizados que sean relevantes para usted.<\/p><\/li><li><p><strong>Funcionalidad<\/strong>: Utilizamos cookies de funcionalidad para mejorar la funcionalidad del sitio web y facilitar su uso. Esto incluye recordar su nombre de usuario y contrase\u00f1a para que no tenga que volver a ingresarlos cada vez que visite el sitio.<\/p><\/li><li><p><strong>Publicidad<\/strong>: Utilizamos cookies de publicidad para rastrear la eficacia de nuestras campa\u00f1as publicitarias y mostrar anuncios que sean relevantes para sus intereses.<\/p><\/li><\/ol><p><strong>Control de cookies<\/strong><\/p><p>Puede controlar y administrar el uso de cookies en su navegador web configurando sus preferencias de cookies. Tambi\u00e9n puede eliminar las cookies existentes en su dispositivo en cualquier momento. Sin embargo, tenga en cuenta que deshabilitar o eliminar cookies puede afectar la funcionalidad y la experiencia del usuario en nuestro sitio web.<\/p><p>Al utilizar nuestro sitio web, usted acepta el uso de cookies de acuerdo con esta Pol\u00edtica de Cookies. Si tiene alguna pregunta sobre esta pol\u00edtica, no dude en ponerse en contacto con nosotros.<\/p>\t\t\t\t\t\t\t\t<\/div>\n\t\t\t\t<\/div>\n\t\t\t\t\t<\/div>\n\t\t\t\t<\/div>\n\t\t\t\t<\/div>\n\t\t","protected":false},"excerpt":{"rendered":"<p>Pol\u00edtica de privacidad En Topaws.es, utilizamos cookies para mejorar la experiencia de navegaci\u00f3n de nuestros usuarios y proporcionar un sitio web m\u00e1s eficiente y personalizado. Esta Pol\u00edtica de Cookies describe c\u00f3mo utilizamos las cookies y c\u00f3mo puede controlarlas. \u00bfQu\u00e9 son las cookies? Las cookies son peque\u00f1os archivos de texto que se almacenan en su dispositivo [&hellip;]<\/p>\n","protected":false},"author":2,"featured_media":0,"parent":0,"menu_order":0,"comment_status":"closed","ping_status":"closed","template":"","meta":{"footnotes":""},"class_list":["post-1663","page","type-page","status-publish","hentry"],"_links":{"self":[{"href":"https:\/\/topaws.es\/index.php\/wp-json\/wp\/v2\/pages\/1663","targetHints":{"allow":["GET"]}}],"collection":[{"href":"https:\/\/topaws.es\/index.php\/wp-json\/wp\/v2\/pages"}],"about":[{"href":"https:\/\/topaws.es\/index.php\/wp-json\/wp\/v2\/types\/page"}],"author":[{"embeddable":true,"href":"https:\/\/topaws.es\/index.php\/wp-json\/wp\/v2\/users\/2"}],"replies":[{"embeddable":true,"href":"https:\/\/topaws.es\/index.php\/wp-json\/wp\/v2\/comments?post=1663"}],"version-history":[{"count":4,"href":"https:\/\/topaws.es\/index.php\/wp-json\/wp\/v2\/pages\/1663\/revisions"}],"predecessor-version":[{"id":1667,"href":"https:\/\/topaws.es\/index.php\/wp-json\/wp\/v2\/pages\/1663\/revisions\/1667"}],"wp:attachment":[{"href":"https:\/\/topaws.es\/index.php\/wp-json\/wp\/v2\/media?parent=1663"}],"curies":[{"name":"wp","href":"https:\/\/api.w.org\/{rel}","templated":true}]}}