{"id":1344,"date":"2016-03-24T12:12:17","date_gmt":"2016-03-24T12:12:17","guid":{"rendered":"http:\/\/demo.themes4wp.com\/gama-store\/my-account\/"},"modified":"2024-03-28T11:02:53","modified_gmt":"2024-03-28T10:02:53","slug":"my-account","status":"publish","type":"page","link":"https:\/\/topaws.es\/index.php\/my-account\/","title":{"rendered":"My Account"},"content":{"rendered":"\t\t<div data-elementor-type=\"wp-page\" data-elementor-id=\"1344\" class=\"elementor elementor-1344\" data-elementor-post-type=\"page\">\n\t\t\t\t<div class=\"elementor-element elementor-element-cad21f9 e-flex e-con-boxed e-con e-parent\" data-id=\"cad21f9\" data-element_type=\"container\" data-e-type=\"container\">\n\t\t\t\t\t<div class=\"e-con-inner\">\n\t\t\t\t<div class=\"elementor-element elementor-element-2b2bc0b e-my-account-tabs-vertical elementor-widget elementor-widget-woocommerce-my-account\" data-id=\"2b2bc0b\" data-element_type=\"widget\" data-e-type=\"widget\" data-widget_type=\"woocommerce-my-account.default\">\n\t\t\t\t<div class=\"elementor-widget-container\">\n\t\t\t\t\t<div class=\"e-my-account-tab e-my-account-tab__ \">\t\t\t<span class=\"elementor-hidden\">[woocommerce_my_account]<\/span>\n\t\t\t<div class=\"woocommerce\"><\/div>\t\t<\/div>\n\t\t\t\t\t\t<\/div>\n\t\t\t\t<\/div>\n\t\t\t\t\t<\/div>\n\t\t\t\t<\/div>\n\t\t\t\t<\/div>\n\t\t","protected":false},"excerpt":{"rendered":"<p>Dashboard Pedidos Descargas Direcciones Detalles de la cuenta Salir Hola Pablo (\u00bfno eres Pablo? Cerrar sesi\u00f3n) Desde el escritorio de tu cuenta puedes ver tus pedidos recientes, gestionar tus direcciones de env\u00edo y facturaci\u00f3n y editar tu contrase\u00f1a y los detalles de tu cuenta.<\/p>\n","protected":false},"author":2,"featured_media":0,"parent":0,"menu_order":0,"comment_status":"closed","ping_status":"closed","template":"","meta":{"footnotes":""},"class_list":["post-1344","page","type-page","status-publish","hentry"],"_links":{"self":[{"href":"https:\/\/topaws.es\/index.php\/wp-json\/wp\/v2\/pages\/1344","targetHints":{"allow":["GET"]}}],"collection":[{"href":"https:\/\/topaws.es\/index.php\/wp-json\/wp\/v2\/pages"}],"about":[{"href":"https:\/\/topaws.es\/index.php\/wp-json\/wp\/v2\/types\/page"}],"author":[{"embeddable":true,"href":"https:\/\/topaws.es\/index.php\/wp-json\/wp\/v2\/users\/2"}],"replies":[{"embeddable":true,"href":"https:\/\/topaws.es\/index.php\/wp-json\/wp\/v2\/comments?post=1344"}],"version-history":[{"count":18,"href":"https:\/\/topaws.es\/index.php\/wp-json\/wp\/v2\/pages\/1344\/revisions"}],"predecessor-version":[{"id":1712,"href":"https:\/\/topaws.es\/index.php\/wp-json\/wp\/v2\/pages\/1344\/revisions\/1712"}],"wp:attachment":[{"href":"https:\/\/topaws.es\/index.php\/wp-json\/wp\/v2\/media?parent=1344"}],"curies":[{"name":"wp","href":"https:\/\/api.w.org\/{rel}","templated":true}]}}